{"id":109,"date":"2014-08-28T06:39:23","date_gmt":"2014-08-28T06:39:23","guid":{"rendered":"http:\/\/themes.kadencethemes.com\/pinnacle\/?page_id=109"},"modified":"2026-01-18T23:31:14","modified_gmt":"2026-01-18T22:31:14","slug":"contact-us","status":"publish","type":"page","link":"https:\/\/www.hostalelperello.com\/cs\/contact-us\/","title":{"rendered":"Kontakt"},"content":{"rendered":"<div class=\"et_pb_section_0 et_pb_section et_section_regular et_block_section\"><div class=\"et_pb_row_0 et_pb_row et_pb_gutters1 et_block_row\"><div class=\"et_pb_column_0 et_pb_column et_pb_column_1_2 et_block_column et_pb_css_mix_blend_mode_passthrough\"><div class=\"et_pb_text_0 et_pb_text et_pb_bg_layout_light et_pb_module et_block_module preset--module--divi-text--c16985e1-e0d6-4022-964d-e2bfc04fa633\"><div class=\"et_pb_text_inner\"><h1>kontaktujte n\u00e1s<\/h1>\n<\/div><\/div><div class=\"et_pb_text_1 et_pb_text et_pb_bg_layout_light et_pb_module et_block_module preset--module--divi-text--1f09816e-184e-4ce5-a4cf-b39c52c423ca\"><\/div><div class=\"et_pb_contact_form_0 et_pb_contact_form_container clearfix et_pb_recaptcha_enabled et_pb_module et_flex_module preset--module--divi-contact-form--5e3e188f-e30c-4fb5-a14e-87f877a4619f\" data-form_unique_num=\"0\" data-form_unique_id=\"02fe1195-c858-433a-9e18-a413ec39c796\" id=\"et_pb_contact_form_02fe1195-c858-433a-9e18-a413ec39c796\"><div class=\"et-pb-contact-message\"><\/div><div class=\"et_pb_contact\"><form class=\"et_pb_contact_form et_flex_module\" method=\"post\" action=\"https:\/\/www.hostalelperello.com\/cs\/wp-json\/wp\/v2\/pages\/109\"><div class=\"et_pb_contact_field_0 et_pb_contact_field et_pb_module et_flex_module et_flex_column_24_24 et_flex_column_24_24_tablet et_flex_column_24_24_phone\" data-id=\"name\" data-type=\"input\"><label class=\"et_pb_contact_form_label\" for=\"et_pb_contact_0_name_0\">Jm\u00e9no a p\u0159\u00edjmen\u00ed<\/label><input type=\"text\" name=\"et_pb_contact_0_name_0\" id=\"et_pb_contact_0_name_0\" class=\"input\" data-required_mark=\"required\" data-field_type=\"input\" data-original_id=\"name\" placeholder=\"Jm\u00e9no a p\u0159\u00edjmen\u00ed\" title=\"\" value=\"\" \/><\/div><div class=\"et_pb_contact_field_1 et_pb_contact_field et_pb_module et_flex_module et_flex_column_24_24 et_flex_column_24_24_tablet et_flex_column_24_24_phone\" data-id=\"email\" data-type=\"email\"><label class=\"et_pb_contact_form_label\" for=\"et_pb_contact_0_email_1\">E-mail<\/label><input type=\"text\" name=\"et_pb_contact_0_email_1\" id=\"et_pb_contact_0_email_1\" class=\"input\" data-required_mark=\"required\" data-field_type=\"email\" data-original_id=\"email\" placeholder=\"E-mail\" title=\"\" value=\"\" \/><\/div><div class=\"et_pb_contact_field_2 et_pb_contact_field et_pb_module et_flex_module et_flex_column_24_24 et_flex_column_24_24_tablet et_flex_column_24_24_phone\" data-id=\"message\" data-type=\"text\"><label class=\"et_pb_contact_form_label\" for=\"et_pb_contact_0_message_2\">zpr\u00e1va<\/label><textarea name=\"et_pb_contact_0_message_2\" id=\"et_pb_contact_0_message_2\" class=\"et_pb_contact_message input\" data-required_mark=\"required\" data-field_type=\"text\" data-original_id=\"message\" placeholder=\"zpr\u00e1va\"><\/textarea><\/div><input type=\"hidden\" name=\"et_pb_contactform_submit_02fe1195-c858-433a-9e18-a413ec39c796\" value=\"et_contact_proccess\" \/><div class=\"et_contact_bottom_container\"><div class=\"et_pb_button_wrapper\"><button type=\"submit\" name=\"et_builder_submit_button\" class=\"et_pb_button et_pb_contact_submit\">Submit<\/button><\/div><\/div><input type=\"hidden\" id=\"_wpnonce-et-pb-contact-form-submitted-02fe1195-c858-433a-9e18-a413ec39c796\" name=\"_wpnonce-et-pb-contact-form-submitted-02fe1195-c858-433a-9e18-a413ec39c796\" value=\"347f3fee85\" \/><input type=\"hidden\" name=\"_wp_http_referer\" value=\"\/cs\/wp-json\/wp\/v2\/pages\/109\" \/><\/form><\/div><\/div><\/div><div class=\"et_pb_column_1 et_pb_column et_pb_column_1_2 et-last-child et_block_column et_pb_css_mix_blend_mode_passthrough\"><div class=\"et_pb_code_0 et_pb_code et_pb_module\"><div class=\"et_pb_code_inner\"><iframe src=\"https:\/\/www.google.com\/maps\/embed?pb=!1m18!1m12!1m3!1d3088.472084367801!2d-0.2807107245231824!3d39.277543171645284!2m3!1f0!2f0!3f0!3m2!1i1024!2i768!4f13.1!3m3!1m2!1s0xd61ca5f735f0d0d%3A0xdf344237854c510f!2zQ2FycmVyIGRlIFNhbnQgUGFzcXVhbCwgMywgNDY0MjAgRWwgUGVyZWxsw7MsIFZhbMOobmNpYSwgxaBwYW7Em2xza28!5e0!3m2!1scs!2scz!4v1673526451471!5m2!1scs!2scz\" width=\"800\" height=\"600\" style=\"border:0;\" allowfullscreen=\"\" loading=\"lazy\" referrerpolicy=\"no-referrer-when-downgrade\"><\/iframe><\/div><\/div><\/div><\/div><\/div><div class=\"et_pb_section_1 et_pb_section et_section_regular et_block_section\"><div class=\"et_pb_row_1 et_pb_row et_block_row\"><div class=\"et_pb_column_2 et_pb_column et_pb_column_4_4 et-last-child et_block_column et_pb_css_mix_blend_mode_passthrough\"><div class=\"et_pb_icon_0 et_pb_icon et_pb_module et_block_module\"><span class=\"et_pb_icon_wrap\"><span class=\"et-pb-icon\">\uf3c5<\/span><\/span><\/div><div class=\"et_pb_text_2 et_pb_text et_pb_bg_layout_light et_pb_module et_block_module et_pb_text_align_center preset--module--divi-text--4827deed-2a92-4d97-a22f-f01067ae6873\"><div class=\"et_pb_text_inner\"><p class=\"has-text-align-center\"><span style=\"color: #000000;\">Carrer de Sant Pasqual 3, El Perell\u00f3, Valencia, \u0160pan\u011blsko<\/span><\/p>\n<\/div><\/div><div class=\"et_pb_icon_1 et_pb_icon et_pb_module et_block_module\"><span class=\"et_pb_icon_wrap\"><span class=\"et-pb-icon\">\ue076<\/span><\/span><\/div><div class=\"et_pb_text_3 et_pb_text et_pb_bg_layout_light et_pb_module et_block_module et_pb_text_align_center preset--module--divi-text--4827deed-2a92-4d97-a22f-f01067ae6873\"><div class=\"et_pb_text_inner\"><p class=\"has-text-align-center\"><span style=\"color: #000000;\"><a href=\"mailto:info@hostalelperello.com\" style=\"color: #000000;\">info@hostalelperello.com<\/a><\/span><\/p>\n<\/div><\/div><div class=\"et_pb_icon_2 et_pb_icon et_pb_module et_block_module\"><span class=\"et_pb_icon_wrap\"><span class=\"et-pb-icon\">\ue090<\/span><\/span><\/div><div class=\"et_pb_text_4 et_pb_text et_pb_bg_layout_light et_pb_module et_block_module et_pb_text_align_center preset--module--divi-text--4827deed-2a92-4d97-a22f-f01067ae6873\"><div class=\"et_pb_text_inner\"><p class=\"has-text-align-center\"><span style=\"color: #000000;\">volejte v \u010dase: 9:00-20:00<\/span><\/p>\n<p class=\"has-text-align-center\"><span style=\"color: #000000;\"><a href=\"callto:+34652030840\" style=\"color: #000000;\">+34652030840<\/a><\/span><\/p>\n<\/div><\/div><\/div><\/div><\/div>","protected":false},"excerpt":{"rendered":"","protected":false},"author":1,"featured_media":973,"parent":0,"menu_order":0,"comment_status":"open","ping_status":"open","template":"","meta":{"footnotes":""},"folder":[76],"class_list":["post-109","page","type-page","status-publish","has-post-thumbnail","hentry"],"_links":{"self":[{"href":"https:\/\/www.hostalelperello.com\/cs\/wp-json\/wp\/v2\/pages\/109","targetHints":{"allow":["GET"]}}],"collection":[{"href":"https:\/\/www.hostalelperello.com\/cs\/wp-json\/wp\/v2\/pages"}],"about":[{"href":"https:\/\/www.hostalelperello.com\/cs\/wp-json\/wp\/v2\/types\/page"}],"author":[{"embeddable":true,"href":"https:\/\/www.hostalelperello.com\/cs\/wp-json\/wp\/v2\/users\/1"}],"replies":[{"embeddable":true,"href":"https:\/\/www.hostalelperello.com\/cs\/wp-json\/wp\/v2\/comments?post=109"}],"version-history":[{"count":28,"href":"https:\/\/www.hostalelperello.com\/cs\/wp-json\/wp\/v2\/pages\/109\/revisions"}],"predecessor-version":[{"id":179827,"href":"https:\/\/www.hostalelperello.com\/cs\/wp-json\/wp\/v2\/pages\/109\/revisions\/179827"}],"wp:featuredmedia":[{"embeddable":true,"href":"https:\/\/www.hostalelperello.com\/cs\/wp-json\/wp\/v2\/media\/973"}],"wp:attachment":[{"href":"https:\/\/www.hostalelperello.com\/cs\/wp-json\/wp\/v2\/media?parent=109"}],"wp:term":[{"taxonomy":"folder","embeddable":true,"href":"https:\/\/www.hostalelperello.com\/cs\/wp-json\/wp\/v2\/folder?post=109"}],"curies":[{"name":"wp","href":"https:\/\/api.w.org\/{rel}","templated":true}]}}